{"id":13967,"date":"2021-05-26T09:18:09","date_gmt":"2021-05-26T06:18:09","guid":{"rendered":"https:\/\/www.gunsel.com.tr\/discover-gunsel-b9-battery\/"},"modified":"2022-01-17T12:41:10","modified_gmt":"2022-01-17T09:41:10","slug":"entdecken-sie-guensels-batterie","status":"publish","type":"page","link":"https:\/\/www.gunsel.com.tr\/de\/entdecken-sie-guensels-batterie\/","title":{"rendered":"Entdecken Sie G\u00dcNSELs Batterie"},"content":{"rendered":"<p>\n<section class=\"section is-flex-vertical-center-content\" id=\"section-mmso9yc0\" >\n\t\t<div class=\"section__container mariselle-container\" >\n\t\t<div class=\"tile is-ancestor max-w-ancestor is-variable is-mobile\">\n    <div class=\"mariselle-column-container tile is-parent is-custom is-custom-2-5 is-responsive\" style=\"--custom-column-total: 2;--custom-column: 5;\" id=\"column-2f3a5088\"  >\n\t\t<div class=\"mariselle-column-content tile is-child p-0\" >\n\t\t\n\t<div class=\"fw-divider-space\"\n\t     style=\"padding-top: 50px;\"\n\t     aria-hidden=\"true\"\n\t><\/div>\n<div id=\"title-1a03262b\" >\n\t<div class=\"text-text-variable break-words mb-4 mt-0 text-3xl font-bold\" >\n\t\t\t\t\t<span class=\"pb-1 relative\" >\n                                <\/span>\n\t\t\t\t<\/div>\n<\/div>\n<div class=\"is-hidden-mobile-small is-hidden-mobile is-hidden-mobile-large is-hidden-tablet\">\n\t<div class=\"fw-divider-space\"\n\t     style=\"padding-top: 25px;\"\n\t     aria-hidden=\"true\"\n\t><\/div>\n<\/div><div id=\"text_block-c4aa9da0\" >\n    <div class=\"text-block\" >\n\t        <\/div>\n<\/div>\t<\/div>\n\t<\/div>\n<div class=\"mariselle-column-container tile is-parent is-custom is-custom-3-5 is-responsive\" style=\"--custom-column-total: 3;--custom-column: 5;\" id=\"column-iat45zzw\"  >\n\t\t<div class=\"mariselle-column-content tile is-child flex gap-x-2.5 items-center flex-row-reverse\" >\n\t\t<div class=\"is-hidden-mobile-small is-hidden-mobile is-hidden-mobile-large is-hidden-tablet\">\n\t<div class=\"fw-divider-space\"\n\t     style=\"padding-top: 150px;\"\n\t     aria-hidden=\"true\"\n\t><\/div>\n<\/div><div class=\"is-hidden-mobile-small is-hidden-mobile is-hidden-mobile-large is-hidden-tablet\"><div id=\"text_block-fs0bws5k\" >\n    <div class=\"text-block\" >\n\t        <\/div>\n<\/div><\/div><div class=\"is-hidden-small-desktop is-hidden-desktop is-hidden-desktop-large\"><div id=\"text_block-dciirsnu\" >\n    <div class=\"text-block\" >\n\t        <\/div>\n<\/div><\/div>\t<\/div>\n\t<\/div>\n<\/div>\n\n\t<\/div>\n\t<!-- \/.container -->\n<\/section>\n\n\n<section class=\"section\" id=\"section-ce48c0a4\" >\n\t\t<div class=\"section__container mariselle-container\" >\n\t\t<div class=\"tile is-ancestor max-w-ancestor is-variable is-mobile\">\n    <div class=\"mariselle-column-container tile is-parent is-12 is-responsive\" id=\"column-d912eee5\"  >\n\t\t<div class=\"mariselle-column-content tile is-child\" >\n\t\t<div class=\"mariselle-table\" id=\"table-443e29e1\" >\n    <table class=\"w-full is-zebra is-responsive-scroll table border-collapse\" role=\"table\" >\n                                                    <thead role=\"rowgroup\">\n                <tr role=\"row\" class=\"heading-row\">\n                                            <th role=\"columnheader\"                                  class=\"default-col\"\n                        >\n                            Technischen Spezifkationen                        <\/th>\n                                            <th role=\"columnheader\"                                  class=\"default-col\"\n                        >\n                                                    <\/th>\n                                            <th role=\"columnheader\"                                  class=\"default-col\"\n                        >\n                            Einheit                        <\/th>\n                                    <\/tr>\n                <\/thead>\n                                                <tr role=\"row\" class=\"default-row\">\n                                                                    <td role=\"cell\"                                  class=\"transition-all ease-in-out duration-500 default-col\"\n                        >\n                            L\u00e4nge                        <\/td>\n                                                                    <td role=\"cell\"                                  class=\"transition-all ease-in-out duration-500 default-col\"\n                        >\n                            2011                        <\/td>\n                                                                    <td role=\"cell\"                                  class=\"transition-all ease-in-out duration-500 default-col\"\n                        >\n                            mm                        <\/td>\n                                    <\/tr>\n                                                <tr role=\"row\" class=\"default-row\">\n                                                                    <td role=\"cell\"                                  class=\"transition-all ease-in-out duration-500 default-col\"\n                        >\n                            Breite                        <\/td>\n                                                                    <td role=\"cell\"                                  class=\"transition-all ease-in-out duration-500 default-col\"\n                        >\n                            1504                        <\/td>\n                                                                    <td role=\"cell\"                                  class=\"transition-all ease-in-out duration-500 default-col\"\n                        >\n                            mm                        <\/td>\n                                    <\/tr>\n                                                <tr role=\"row\" class=\"default-row\">\n                                                                    <td role=\"cell\"                                  class=\"transition-all ease-in-out duration-500 default-col\"\n                        >\n                            H\u00f6he                        <\/td>\n                                                                    <td role=\"cell\"                                  class=\"transition-all ease-in-out duration-500 default-col\"\n                        >\n                            144                        <\/td>\n                                                                    <td role=\"cell\"                                  class=\"transition-all ease-in-out duration-500 default-col\"\n                        >\n                            mm                        <\/td>\n                                    <\/tr>\n                                                <tr role=\"row\" class=\"default-row\">\n                                                                    <td role=\"cell\"                                  class=\"transition-all ease-in-out duration-500 default-col\"\n                        >\n                            Gewicht des Batteriepackung\r\n                        <\/td>\n                                                                    <td role=\"cell\"                                  class=\"transition-all ease-in-out duration-500 default-col\"\n                        >\n                            350                        <\/td>\n                                                                    <td role=\"cell\"                                  class=\"transition-all ease-in-out duration-500 default-col\"\n                        >\n                            kg                        <\/td>\n                                    <\/tr>\n                                                <tr role=\"row\" class=\"default-row\">\n                                                                    <td role=\"cell\"                                  class=\"transition-all ease-in-out duration-500 default-col\"\n                        >\n                            Kapazit\u00e4t des Akkupacks\r\n                        <\/td>\n                                                                    <td role=\"cell\"                                  class=\"transition-all ease-in-out duration-500 default-col\"\n                        >\n                            148                        <\/td>\n                                                                    <td role=\"cell\"                                  class=\"transition-all ease-in-out duration-500 default-col\"\n                        >\n                            Ah                        <\/td>\n                                    <\/tr>\n                                                <tr role=\"row\" class=\"default-row\">\n                                                                    <td role=\"cell\"                                  class=\"transition-all ease-in-out duration-500 default-col\"\n                        >\n                            Nominal Energie @ 0.2C                        <\/td>\n                                                                    <td role=\"cell\"                                  class=\"transition-all ease-in-out duration-500 default-col\"\n                        >\n                            52,6                         <\/td>\n                                                                    <td role=\"cell\"                                  class=\"transition-all ease-in-out duration-500 default-col\"\n                        >\n                            kWh                        <\/td>\n                                    <\/tr>\n                                                <tr role=\"row\" class=\"default-row\">\n                                                                    <td role=\"cell\"                                  class=\"transition-all ease-in-out duration-500 default-col\"\n                        >\n                            Nominal Spannung                        <\/td>\n                                                                    <td role=\"cell\"                                  class=\"transition-all ease-in-out duration-500 default-col\"\n                        >\n                            355                        <\/td>\n                                                                    <td role=\"cell\"                                  class=\"transition-all ease-in-out duration-500 default-col\"\n                        >\n                            V                        <\/td>\n                                    <\/tr>\n                                                <tr role=\"row\" class=\"default-row\">\n                                                                    <td role=\"cell\"                                  class=\"transition-all ease-in-out duration-500 default-col\"\n                        >\n                            Maximaler Ladestrom                        <\/td>\n                                                                    <td role=\"cell\"                                  class=\"transition-all ease-in-out duration-500 default-col\"\n                        >\n                            125                        <\/td>\n                                                                    <td role=\"cell\"                                  class=\"transition-all ease-in-out duration-500 default-col\"\n                        >\n                            A                        <\/td>\n                                    <\/tr>\n                                                <tr role=\"row\" class=\"default-row\">\n                                                                    <td role=\"cell\"                                  class=\"transition-all ease-in-out duration-500 default-col\"\n                        >\n                            Maximaler Entladestrom\r\n                        <\/td>\n                                                                    <td role=\"cell\"                                  class=\"transition-all ease-in-out duration-500 default-col\"\n                        >\n                            350                        <\/td>\n                                                                    <td role=\"cell\"                                  class=\"transition-all ease-in-out duration-500 default-col\"\n                        >\n                            A                        <\/td>\n                                    <\/tr>\n                                                <tr role=\"row\" class=\"default-row\">\n                                                                    <td role=\"cell\"                                  class=\"transition-all ease-in-out duration-500 default-col\"\n                        >\n                            Zellentyp                         <\/td>\n                                                                    <td role=\"cell\"                                  class=\"transition-all ease-in-out duration-500 default-col\"\n                        >\n                            21700                         <\/td>\n                                                                    <td role=\"cell\"                                  class=\"transition-all ease-in-out duration-500 default-col\"\n                        >\n                            Li-Ionen-Zylinderzelle                        <\/td>\n                                    <\/tr>\n                                                <tr role=\"row\" class=\"default-row\">\n                                                                    <td role=\"cell\"                                  class=\"transition-all ease-in-out duration-500 default-col\"\n                        >\n                            Anzahl der Module                        <\/td>\n                                                                    <td role=\"cell\"                                  class=\"transition-all ease-in-out duration-500 default-col\"\n                        >\n                            8                        <\/td>\n                                                                    <td role=\"cell\"                                  class=\"transition-all ease-in-out duration-500 default-col\"\n                        >\n                            -                        <\/td>\n                                    <\/tr>\n                                                <tr role=\"row\" class=\"default-row\">\n                                                                    <td role=\"cell\"                                  class=\"transition-all ease-in-out duration-500 default-col\"\n                        >\n                            Gesamtzahl der Zellen                        <\/td>\n                                                                    <td role=\"cell\"                                  class=\"transition-all ease-in-out duration-500 default-col\"\n                        >\n                            2880                        <\/td>\n                                                                    <td role=\"cell\"                                  class=\"transition-all ease-in-out duration-500 default-col\"\n                        >\n                            -                        <\/td>\n                                    <\/tr>\n                                                <tr role=\"row\" class=\"default-row\">\n                                                                    <td role=\"cell\"                                  class=\"transition-all ease-in-out duration-500 default-col\"\n                        >\n                            Anzahl der Zellen pro Modul                        <\/td>\n                                                                    <td role=\"cell\"                                  class=\"transition-all ease-in-out duration-500 default-col\"\n                        >\n                            360                        <\/td>\n                                                                    <td role=\"cell\"                                  class=\"transition-all ease-in-out duration-500 default-col\"\n                        >\n                            -                        <\/td>\n                                    <\/tr>\n                        <\/table>\n<\/div>\t<\/div>\n\t<\/div>\n<\/div>\n\n\t<\/div>\n\t<!-- \/.container -->\n<\/section>\n\n<\/p>\n","protected":false},"excerpt":{"rendered":"<p>Technischen Spezifkationen Einheit L\u00e4nge 2011 mm Breite 1504 mm H\u00f6he 144 mm Gewicht des Batteriepackung 350 kg Kapazit\u00e4t des Akkupacks 148 Ah Nominal Energie @ 0.2C 52,6 kWh Nominal Spannung 355 V Maximaler Ladestrom 125 A Maximaler Entladestrom 350 A Zellentyp 21700 Li-Ionen-Zylinderzelle Anzahl der Module 8 &#8211; Gesamtzahl der Zellen 2880 &#8211; Anzahl der [&hellip;]<\/p>\n","protected":false},"author":11,"featured_media":0,"parent":0,"menu_order":0,"comment_status":"closed","ping_status":"closed","template":"","meta":{"footnotes":""},"class_list":["post-13967","page","type-page","status-publish","hentry"],"_links":{"self":[{"href":"https:\/\/www.gunsel.com.tr\/de\/wp-json\/wp\/v2\/pages\/13967","targetHints":{"allow":["GET"]}}],"collection":[{"href":"https:\/\/www.gunsel.com.tr\/de\/wp-json\/wp\/v2\/pages"}],"about":[{"href":"https:\/\/www.gunsel.com.tr\/de\/wp-json\/wp\/v2\/types\/page"}],"author":[{"embeddable":true,"href":"https:\/\/www.gunsel.com.tr\/de\/wp-json\/wp\/v2\/users\/11"}],"replies":[{"embeddable":true,"href":"https:\/\/www.gunsel.com.tr\/de\/wp-json\/wp\/v2\/comments?post=13967"}],"version-history":[{"count":3,"href":"https:\/\/www.gunsel.com.tr\/de\/wp-json\/wp\/v2\/pages\/13967\/revisions"}],"predecessor-version":[{"id":13970,"href":"https:\/\/www.gunsel.com.tr\/de\/wp-json\/wp\/v2\/pages\/13967\/revisions\/13970"}],"wp:attachment":[{"href":"https:\/\/www.gunsel.com.tr\/de\/wp-json\/wp\/v2\/media?parent=13967"}],"curies":[{"name":"wp","href":"https:\/\/api.w.org\/{rel}","templated":true}]}}