{"id":11334,"date":"2021-02-02T06:09:33","date_gmt":"2021-02-02T06:09:33","guid":{"rendered":"https:\/\/www.gunsel.com.tr\/iletisim\/"},"modified":"2023-10-11T14:57:37","modified_gmt":"2023-10-11T11:57:37","slug":"communication","status":"publish","type":"page","link":"https:\/\/www.gunsel.com.tr\/fr\/communication\/","title":{"rendered":"Communication"},"content":{"rendered":"<p>\n<section class=\"section\" id=\"section-ilvcmvi7\" >\n\t\t<div class=\"section__container\" >\n\t\t<div class=\"tile is-ancestor max-w-ancestor is-variable is-mobile\">\n    <div class=\"mariselle-column-container tile is-parent is-12 is-responsive\" id=\"column-riy3lvfj\"  >\n\t\t<div class=\"mariselle-column-content tile is-child\" >\n\t\t<div id=\"text_block-u5t8cg4d\" >\n    <div class=\"text-block\" >\n\t        <\/div>\n<\/div>\t<\/div>\n\t<\/div>\n<\/div>\n\n\t<\/div>\n\t<!-- \/.container -->\n<\/section>\n\n\n<section class=\"section\" id=\"section-04iyw2vd\" >\n\t\t<div class=\"section__container mariselle-container\" >\n\t\t<div class=\"tile is-ancestor max-w-ancestor is-variable is-mobile\">\n    <div class=\"mariselle-column-container tile is-parent is-4 is-responsive\" id=\"column-k48cmz6a\"  >\n\t\t<div class=\"mariselle-column-content tile is-child\" >\n\t\t<div id=\"title-skefeprc\" >\n\t<div class=\"text-text-variable break-words mb-4 mt-0 text-xl font-bold is-title-underline\" >\n\t\t\t\t\t<span class=\"pb-1 relative block border-b border-solid border-b-border-variable\" >\n            <i class=\"mariselle-icon-v2 fa fa-building-o \"><\/i>                    <\/span>\n\t\t\t\t<\/div>\n<\/div>\n<div id=\"text_block-tnv3y5te\" >\n    <div class=\"text-block\" style=\"--color-text: #494949;--color-link: #494949;\" >\n\t        <\/div>\n<\/div>\t<\/div>\n\t<\/div>\n<div class=\"mariselle-column-container tile is-parent is-4 is-responsive\" id=\"column-b698ad63\"  >\n\t\t<div class=\"mariselle-column-content tile is-child\" >\n\t\t<div id=\"title-81ade3d2\" >\n\t<div class=\"text-text-variable break-words mb-4 mt-0 text-xl font-bold is-title-underline\" >\n\t\t\t\t\t<span class=\"pb-1 relative block border-b border-solid border-b-border-variable\" >\n            <i class=\"mariselle-icon-v2 fa fa-automobile \"><\/i>                    <\/span>\n\t\t\t\t<\/div>\n<\/div>\n<div id=\"text_block-f5add3df\" >\n    <div class=\"text-block\" style=\"--color-text: #494949;--color-link: #494949;\" >\n\t        <\/div>\n<\/div>\t<\/div>\n\t<\/div>\n<div class=\"mariselle-column-container tile is-parent is-4 is-responsive\" id=\"column-fb15a466\"  >\n\t\t<div class=\"mariselle-column-content tile is-child\" >\n\t\t<div id=\"title-25d92ffe\" >\n\t<div class=\"text-text-variable break-words mb-4 mt-0 text-xl font-bold is-title-underline\" >\n\t\t\t\t\t<span class=\"pb-1 relative block border-b border-solid border-b-border-variable\" >\n            <i class=\"mariselle-icon-v2 fa fa-archive \"><\/i>                    <\/span>\n\t\t\t\t<\/div>\n<\/div>\n<div id=\"text_block-e2cedadb\" >\n    <div class=\"text-block\" style=\"--color-text: #494949;--color-link: #494949;\" >\n\t        <\/div>\n<\/div>\t<\/div>\n\t<\/div>\n<\/div>\n\n<div class=\"tile is-ancestor max-w-ancestor is-variable is-mobile\">\n    <div class=\"mariselle-column-container tile is-parent is-12 is-responsive\" id=\"column-rav6m54g\"  >\n\t\t<div class=\"mariselle-column-content tile is-child\" >\n\t\t\n\t<div class=\"fw-divider-space\"\n\t     style=\"padding-top: 30px;\"\n\t     aria-hidden=\"true\"\n\t><\/div>\n<div class=\"form-wrapper fw-contact-form contact-form\">\n\t<form data-fw-form-id=\"fw_form\" method=\"post\" action=\"https:\/\/www.gunsel.com.tr\/fr\/wp-json\/wp\/v2\/pages\/11334\" class=\"fw_form_fw_form\" data-fw-ext-forms-type=\"contact-forms\"  ><input type=\"hidden\" name=\"fwf\" value=\"fw_form\" \/><input type=\"hidden\" id=\"_nonce_d804253704e4a79554c10417a22c88d8\" name=\"_nonce_d804253704e4a79554c10417a22c88d8\" value=\"93705957d2\" \/><input type=\"hidden\" name=\"_wp_http_referer\" value=\"\/fr\/wp-json\/wp\/v2\/pages\/11334\" \/><input type=\"hidden\" name=\"fw_ext_forms_form_type\" value=\"contact-forms\" \/><input type=\"hidden\" name=\"fw_ext_forms_form_id\" value=\"d3b85f18ee42c788e088cf582f23faff\" \/><div class=\"wrap-forms\">\n\t<div class=\"tile is-ancestor max-w-ancestor is-variable is-mobile\"><div class=\"is-responsive tile is-parent is-6 form-builder-item\"\n    >\n    <div class=\"field-text\">\n                    <label for=\"id-1\">\n                Nom Pr\u00e9nom (obligatoire)                <sup>*<\/sup>            <\/label>\n                <input type=\"\" name=\"text_ee4ec2b\" placeholder=\"\" value=\"\" id=\"id-1\" required=\"required\" >\n            <\/div>\n<\/div><div class=\"is-responsive tile is-parent is-6 form-builder-item\"\n>\n    <div class=\"field-text\">\n                    <label for=\"id-2\">Adresse mail (obligatoire)                <sup>*<\/sup>            <\/label>\n                <input type=\"text\" name=\"email_87187bf\" placeholder=\"\" value=\"\" id=\"id-2\" required=\"required\" >\n            <\/div>\n<\/div><\/div><div class=\"tile is-ancestor max-w-ancestor is-variable is-mobile\"><div class=\"is-responsive tile is-parent is-6 form-builder-item\"\n    >\n    <div class=\"field-text\">\n                    <label for=\"id-3\">\n                Votre num\u00e9ro de t\u00e9l\u00e9phone (obligatoire)                <sup>*<\/sup>            <\/label>\n                <input type=\"\" name=\"text_4e54e64\" placeholder=\"\" value=\"\" id=\"id-3\" required=\"required\" >\n            <\/div>\n<\/div><div class=\"is-responsive tile is-parent is-6 form-builder-item\"\n    >\n    <div class=\"field-text\">\n                    <label for=\"id-4\">\n                Th\u00e8me (obligatoire)                <sup>*<\/sup>            <\/label>\n                <input type=\"\" name=\"text_6224ed9\" placeholder=\"\" value=\"\" id=\"id-4\" required=\"required\" >\n            <\/div>\n<\/div><\/div><div class=\"tile is-ancestor max-w-ancestor is-variable is-mobile\"><div class=\"is-responsive tile is-parent is-12 form-builder-item\"\n    >\n    <div class=\"field-textarea\">\n                    <label for=\"id-5\">Votre message                <sup>*<\/sup>            <\/label>\n                <textarea name=\"textarea_533527c\" placeholder=\"\" id=\"id-5\" required=\"required\" ><\/textarea>\n            <\/div>\n<\/div><\/div><div class=\"tile is-ancestor max-w-ancestor is-variable is-mobile\"><div class=\"tile is-parent is-custom is-custom-3-5 form-builder-item\">\n\t<div class=\"field-recaptcha\">\n\t\t<label><\/label>\n\t\t<input type=\"hidden\" name=\"recaptcha_bef58f7\">\n\t\t<div class=\"form-builder-item-recaptcha\" id=\"inline-badge\" ><\/div>\n\t<\/div>\n<\/div><\/div><\/div><div>\n\t<input type=\"submit\" value=\"ENVOYER\"\/>\n<\/div><\/form><\/div>\t<\/div>\n\t<\/div>\n<\/div>\n\n\t<\/div>\n\t<!-- \/.container -->\n<\/section>\n\n<\/p>\n","protected":false},"excerpt":{"rendered":"<p>Nom Pr\u00e9nom (obligatoire) * Adresse mail (obligatoire) * Votre num\u00e9ro de t\u00e9l\u00e9phone (obligatoire) * Th\u00e8me (obligatoire) * Votre message *<\/p>\n","protected":false},"author":11,"featured_media":0,"parent":0,"menu_order":0,"comment_status":"closed","ping_status":"closed","template":"","meta":{"footnotes":""},"class_list":["post-11334","page","type-page","status-publish","hentry"],"_links":{"self":[{"href":"https:\/\/www.gunsel.com.tr\/fr\/wp-json\/wp\/v2\/pages\/11334","targetHints":{"allow":["GET"]}}],"collection":[{"href":"https:\/\/www.gunsel.com.tr\/fr\/wp-json\/wp\/v2\/pages"}],"about":[{"href":"https:\/\/www.gunsel.com.tr\/fr\/wp-json\/wp\/v2\/types\/page"}],"author":[{"embeddable":true,"href":"https:\/\/www.gunsel.com.tr\/fr\/wp-json\/wp\/v2\/users\/11"}],"replies":[{"embeddable":true,"href":"https:\/\/www.gunsel.com.tr\/fr\/wp-json\/wp\/v2\/comments?post=11334"}],"version-history":[{"count":5,"href":"https:\/\/www.gunsel.com.tr\/fr\/wp-json\/wp\/v2\/pages\/11334\/revisions"}],"predecessor-version":[{"id":15852,"href":"https:\/\/www.gunsel.com.tr\/fr\/wp-json\/wp\/v2\/pages\/11334\/revisions\/15852"}],"wp:attachment":[{"href":"https:\/\/www.gunsel.com.tr\/fr\/wp-json\/wp\/v2\/media?parent=11334"}],"curies":[{"name":"wp","href":"https:\/\/api.w.org\/{rel}","templated":true}]}}